{"id":7,"date":"2025-07-09T19:25:03","date_gmt":"2025-07-09T19:25:03","guid":{"rendered":"https:\/\/epionemassage.fr\/?page_id=7"},"modified":"2025-11-16T15:05:22","modified_gmt":"2025-11-16T15:05:22","slug":"epione-massage","status":"publish","type":"page","link":"https:\/\/epionemassage.fr\/","title":{"rendered":""},"content":{"rendered":"\t\t<div data-elementor-type=\"wp-post\" data-elementor-id=\"7\" class=\"elementor elementor-7\">\n\t\t\t\t<div class=\"elementor-element elementor-element-c98e5ca e-con-full e-flex e-con e-parent\" data-id=\"c98e5ca\" data-element_type=\"container\">\n\t\t<div class=\"elementor-element elementor-element-2532e46 e-flex e-con-boxed e-con e-child\" data-id=\"2532e46\" data-element_type=\"container\">\n\t\t\t\t\t<div class=\"e-con-inner\">\n\t\t\t\t<div class=\"elementor-element elementor-element-c08522d elementor-widget elementor-widget-heading\" data-id=\"c08522d\" data-element_type=\"widget\" data-widget_type=\"heading.default\">\n\t\t\t\t\t<h2 class=\"elementor-heading-title elementor-size-default\">Epione<\/h2>\t\t\t\t<\/div>\n\t\t\t\t<div class=\"elementor-element elementor-element-3680f47 elementor-widget elementor-widget-text-editor\" data-id=\"3680f47\" data-element_type=\"widget\" data-widget_type=\"text-editor.default\">\n\t\t\t\t\t\t\t\t\t<p>Offrez-vous un moment hors du temps, chez vous, o\u00f9 chaque geste vise \u00e0 rel\u00e2cher le corps, apaiser l\u2019esprit et accueillir vos \u00e9motions en toute bienveillance.<\/p>\t\t\t\t\t\t\t\t<\/div>\n\t\t\t\t<div class=\"elementor-element elementor-element-41ba84d elementor-widget elementor-widget-button\" data-id=\"41ba84d\" data-element_type=\"widget\" data-widget_type=\"button.default\">\n\t\t\t\t\t\t\t\t\t\t<a class=\"elementor-button elementor-button-link elementor-size-sm\" href=\"#contact\">\n\t\t\t\t\t\t<span class=\"elementor-button-content-wrapper\">\n\t\t\t\t\t\t\t\t\t<span class=\"elementor-button-text\">R\u00e9server une s\u00e9ance<\/span>\n\t\t\t\t\t<\/span>\n\t\t\t\t\t<\/a>\n\t\t\t\t\t\t\t\t<\/div>\n\t\t\t\t\t<\/div>\n\t\t\t\t<\/div>\n\t\t<div class=\"elementor-element elementor-element-7160464 e-con-full e-flex e-con e-child\" data-id=\"7160464\" data-element_type=\"container\">\n\t\t\t\t<div class=\"elementor-element elementor-element-2d87bed elementor-widget elementor-widget-image\" data-id=\"2d87bed\" data-element_type=\"widget\" data-widget_type=\"image.default\">\n\t\t\t\t\t\t\t\t\t\t\t\t\t\t\t<img fetchpriority=\"high\" decoding=\"async\" width=\"592\" height=\"882\" src=\"https:\/\/epionemassage.fr\/wp-content\/uploads\/2025\/07\/nymphe-1.png\" class=\"attachment-large size-large wp-image-14\" alt=\"\" srcset=\"https:\/\/epionemassage.fr\/wp-content\/uploads\/2025\/07\/nymphe-1.png 592w, https:\/\/epionemassage.fr\/wp-content\/uploads\/2025\/07\/nymphe-1-201x300.png 201w\" sizes=\"(max-width: 592px) 100vw, 592px\" \/>\t\t\t\t\t\t\t\t\t\t\t\t\t\t\t<\/div>\n\t\t\t\t<\/div>\n\t\t\t\t<\/div>\n\t\t<div class=\"elementor-element elementor-element-6fdbee9 e-flex e-con-boxed e-con e-parent\" data-id=\"6fdbee9\" data-element_type=\"container\">\n\t\t\t\t\t<div class=\"e-con-inner\">\n\t\t<div class=\"elementor-element elementor-element-e0a588c e-con-full e-flex e-con e-child\" data-id=\"e0a588c\" data-element_type=\"container\" data-settings=\"{&quot;background_background&quot;:&quot;classic&quot;,&quot;shape_divider_top&quot;:&quot;zigzag&quot;}\">\n\t\t\t\t<div class=\"elementor-shape elementor-shape-top\" aria-hidden=\"true\" data-negative=\"false\">\n\t\t\t<svg xmlns=\"http:\/\/www.w3.org\/2000\/svg\" viewBox=\"0 0 1800 5.8\" preserveAspectRatio=\"none\">\n  <path class=\"elementor-shape-fill\" d=\"M5.4.4l5.4 5.3L16.5.4l5.4 5.3L27.5.4 33 5.7 38.6.4l5.5 5.4h.1L49.9.4l5.4 5.3L60.9.4l5.5 5.3L72 .4l5.5 5.3L83.1.4l5.4 5.3L94.1.4l5.5 5.4h.2l5.6-5.4 5.5 5.3 5.6-5.3 5.4 5.3 5.6-5.3 5.5 5.3 5.6-5.3 5.5 5.4h.2l5.6-5.4 5.4 5.3L161 .4l5.4 5.3L172 .4l5.5 5.3 5.6-5.3 5.4 5.3 5.7-5.3 5.4 5.4h.2l5.6-5.4 5.5 5.3 5.6-5.3 5.5 5.3 5.6-5.3 5.4 5.3 5.6-5.3 5.5 5.4h.2l5.6-5.4 5.5 5.3L261 .4l5.4 5.3L272 .4l5.5 5.3 5.6-5.3 5.5 5.3 5.6-5.3 5.5 5.4h.1l5.7-5.4 5.4 5.3 5.6-5.3 5.5 5.3 5.6-5.3 5.4 5.3 5.7-5.3 5.4 5.4h.2l5.6-5.4 5.5 5.3L361 .4l5.5 5.3 5.6-5.3 5.4 5.3 5.6-5.3 5.5 5.3 5.6-5.3 5.5 5.4h.1l5.7-5.4 5.4 5.3 5.6-5.3 5.5 5.3 5.6-5.3 5.5 5.3 5.6-5.3 5.5 5.4h.1l5.6-5.4 5.5 5.3L461 .4l5.5 5.3 5.6-5.3 5.4 5.3 5.7-5.3 5.4 5.3 5.6-5.3 5.5 5.4h.2l5.6-5.4 5.5 5.3 5.6-5.3 5.4 5.3 5.6-5.3 5.5 5.3 5.6-5.3 5.5 5.4h.1L550 .4l5.4 5.3L561 .4l5.5 5.3 5.6-5.3 5.5 5.3 5.6-5.3 5.4 5.3 5.6-5.3 5.5 5.4h.2l5.6-5.4 5.5 5.3 5.6-5.3 5.4 5.3 5.7-5.3 5.4 5.3 5.6-5.3 5.5 5.4h.2L650 .4l5.5 5.3 5.6-5.3 5.4 5.3 5.6-5.3 5.5 5.3 5.6-5.3 5.5 5.3 5.6-5.3 5.4 5.4h.2l5.6-5.4 5.5 5.3 5.6-5.3 5.5 5.3 5.6-5.3 5.4 5.3 5.6-5.3 5.5 5.4h.2L750 .4l5.5 5.3 5.6-5.3 5.4 5.3 5.7-5.3 5.4 5.3 5.6-5.3 5.5 5.3 5.6-5.3 5.5 5.4h.1l5.7-5.4 5.4 5.3 5.6-5.3 5.5 5.3 5.6-5.3 5.5 5.3 5.6-5.3 5.4 5.4h.2L850 .4l5.5 5.3 5.6-5.3 5.5 5.3 5.6-5.3 5.4 5.3 5.6-5.3 5.5 5.3 5.6-5.3 5.5 5.4h.2l5.6-5.4 5.4 5.3 5.7-5.3 5.4 5.3 5.6-5.3 5.5 5.3 5.6-5.3 5.5 5.4h.1l5.7-5.4 5.4 5.3 5.6-5.3 5.5 5.3 5.6-5.3 5.5 5.3 5.6-5.3 5.4 5.3 5.6-5.3 5.5 5.4h.2l5.6-5.4 5.5 5.3 5.6-5.3 5.4 5.3 5.6-5.3 5.5 5.3 5.6-5.3 5.5 5.4h.2l5.6-5.4 5.4 5.3 5.7-5.3 5.4 5.3 5.6-5.3 5.5 5.3 5.6-5.3 5.5 5.3 5.6-5.3 5.4 5.4h.2l5.6-5.4 5.5 5.3 5.6-5.3 5.5 5.3 5.6-5.3 5.4 5.3 5.6-5.3 5.5 5.4h.2l5.6-5.4 5.5 5.3 5.6-5.3 5.4 5.3 5.6-5.3 5.5 5.3 5.6-5.3 5.5 5.3 5.6-5.3 5.5 5.4h.1l5.7-5.4 5.4 5.3 5.6-5.3 5.5 5.3 5.6-5.3 5.5 5.3 5.6-5.3 5.4 5.4h.2l5.6-5.4 5.5 5.3 5.6-5.3 5.5 5.3 5.6-5.3 5.4 5.3 5.6-5.3 5.5 5.3 5.6-5.3 5.5 5.4h.2l5.6-5.4 5.4 5.3 5.6-5.3 5.5 5.3 5.6-5.3 5.5 5.3 5.6-5.3 5.5 5.4h.1l5.7-5.4 5.4 5.3 5.6-5.3 5.5 5.3 5.6-5.3 5.5 5.3 5.6-5.3 5.4 5.3 5.6-5.3 5.5 5.4h.2l5.6-5.4 5.5 5.3 5.6-5.3 5.4 5.3 5.6-5.3 5.5 5.3 5.6-5.3 5.5 5.4h.2l5.6-5.4 5.4 5.3 5.6-5.3 5.5 5.3 5.6-5.3 5.5 5.3 5.6-5.3 5.4 5.3 5.7-5.3 5.4 5.4h.2l5.6-5.4 5.5 5.3 5.6-5.3 5.5 5.3 5.6-5.3 5.4 5.3 5.6-5.3 5.5 5.4h.2l5.6-5.4 5.5 5.3 5.6-5.3 5.4 5.3 5.6-5.3 5.5 5.3 5.6-5.3 5.5 5.3 5.6-5.3 5.5 5.4h.1l5.6-5.4 5.5 5.3 5.6-5.3 5.5 5.3 5.6-5.3 5.4 5.3 5.7-5.3 5.4 5.4h.2l5.6-5.4 5.5 5.3 5.6-5.3 5.5 5.3 5.6-5.3 5.4 5.3 5.6-5.3 5.5 5.3 5.6-5.3 5.5 5.4h.1l5.7-5.4 5.4 5.3 5.6-5.3 5.5 5.3 5.6-5.3 5.5 5.3 5.6-5.3 5.5 5.4h.1l5.6-5.4 5.5 5.3 5.6-5.3 5.5 5.3 5.6-5.3 5.4 5.3 5.7-5.3 5.4 5.3 5.6-5.3 5.5 5.4V0H-.2v5.8z\"\/>\n<\/svg>\n\t\t<\/div>\n\t\t\t\t<div class=\"elementor-element elementor-element-fe7f607 elementor-widget elementor-widget-heading\" data-id=\"fe7f607\" data-element_type=\"widget\" data-widget_type=\"heading.default\">\n\t\t\t\t\t<h2 class=\"elementor-heading-title elementor-size-default\">Massage Intuitif<br><br><\/h2>\t\t\t\t<\/div>\n\t\t\t\t<div class=\"elementor-element elementor-element-a45a3cb elementor-widget elementor-widget-text-editor\" data-id=\"a45a3cb\" data-element_type=\"widget\" data-widget_type=\"text-editor.default\">\n\t\t\t\t\t\t\t\t\t<p>Dur\u00e9e : 1h20<\/p>\t\t\t\t\t\t\t\t<\/div>\n\t\t\t\t<div class=\"elementor-element elementor-element-ed10d5b elementor-widget elementor-widget-text-editor\" data-id=\"ed10d5b\" data-element_type=\"widget\" data-widget_type=\"text-editor.default\">\n\t\t\t\t\t\t\t\t\t<p>60\u20ac<\/p>\t\t\t\t\t\t\t\t<\/div>\n\t\t\t\t<\/div>\n\t\t<div class=\"elementor-element elementor-element-22d14be e-con-full e-flex e-con e-child\" data-id=\"22d14be\" data-element_type=\"container\" data-settings=\"{&quot;background_background&quot;:&quot;classic&quot;}\">\n\t\t\t\t<div class=\"elementor-element elementor-element-111d9c4 elementor-widget elementor-widget-heading\" data-id=\"111d9c4\" data-element_type=\"widget\" data-widget_type=\"heading.default\">\n\t\t\t\t\t<h2 class=\"elementor-heading-title elementor-size-default\">R\u00e9flexologie<br>plantaire Thai<\/h2>\t\t\t\t<\/div>\n\t\t\t\t<div class=\"elementor-element elementor-element-c439c52 elementor-widget elementor-widget-text-editor\" data-id=\"c439c52\" data-element_type=\"widget\" data-widget_type=\"text-editor.default\">\n\t\t\t\t\t\t\t\t\t<p>Dur\u00e9e : 45min<\/p>\t\t\t\t\t\t\t\t<\/div>\n\t\t\t\t<div class=\"elementor-element elementor-element-9898d8c elementor-widget elementor-widget-text-editor\" data-id=\"9898d8c\" data-element_type=\"widget\" data-widget_type=\"text-editor.default\">\n\t\t\t\t\t\t\t\t\t<p>30\u20ac<\/p>\t\t\t\t\t\t\t\t<\/div>\n\t\t\t\t<\/div>\n\t\t\t\t\t<\/div>\n\t\t\t\t<\/div>\n\t\t<div class=\"elementor-element elementor-element-b0226a1 e-con-full e-flex e-con e-parent\" data-id=\"b0226a1\" data-element_type=\"container\">\n\t\t\t\t<div class=\"elementor-element elementor-element-00e2b1e elementor-widget elementor-widget-heading\" data-id=\"00e2b1e\" data-element_type=\"widget\" data-widget_type=\"heading.default\">\n\t\t\t\t\t<h2 class=\"elementor-heading-title elementor-size-default\">Les Massages<\/h2>\t\t\t\t<\/div>\n\t\t\t\t<div class=\"elementor-element elementor-element-7134edd elementor-widget elementor-widget-text-editor\" data-id=\"7134edd\" data-element_type=\"widget\" data-widget_type=\"text-editor.default\">\n\t\t\t\t\t\t\t\t\t<p>Qu\u2019est ce que le massage intuitif ?<br \/>Le massage intuitif est une fusion de diff\u00e9rentes techniques de massage apr\u00e8s l\u2019exploration des besoins de la personne mass\u00e9e afin de favoriser un l\u00e2cher-prise total.<\/p>\t\t\t\t\t\t\t\t<\/div>\n\t\t\t\t<div class=\"elementor-element elementor-element-ca60b55 elementor-widget elementor-widget-text-editor\" data-id=\"ca60b55\" data-element_type=\"widget\" data-widget_type=\"text-editor.default\">\n\t\t\t\t\t\t\t\t\t<h2><br \/>Massage hawa\u00efen (lomi lomi)<\/h2><p>Stimule le syst\u00e8me sanguin et lymphatique. Denoue les tensions musculaires. Apaise le syst\u00e8me nerveux central et le mental.<\/p><p>&#8211;<\/p><h2>Massage californien<\/h2><p>Technique de massage de relaxation qui se caract\u00e9rise par sa douceur.<\/p><p>&#8211;<\/p><h2>Reflexologie plantaire tha\u00ef<\/h2><p>Technique mill\u00e9naire qui active la circulation sanguine et lymphatique.<\/p><p>&#8211;<\/p><p>Relaxation profonde et l\u00e2cher-prise.<\/p>\t\t\t\t\t\t\t\t<\/div>\n\t\t\t\t<\/div>\n\t\t<div class=\"elementor-element elementor-element-d3f183f e-flex e-con-boxed e-con e-parent\" data-id=\"d3f183f\" data-element_type=\"container\" data-settings=\"{&quot;shape_divider_bottom&quot;:&quot;tilt&quot;}\">\n\t\t\t\t\t<div class=\"e-con-inner\">\n\t\t\t\t<div class=\"elementor-shape elementor-shape-bottom\" aria-hidden=\"true\" data-negative=\"false\">\n\t\t\t<svg xmlns=\"http:\/\/www.w3.org\/2000\/svg\" viewBox=\"0 0 1000 100\" preserveAspectRatio=\"none\">\n\t<path class=\"elementor-shape-fill\" d=\"M0,6V0h1000v100L0,6z\"\/>\n<\/svg>\t\t<\/div>\n\t\t\t\t<div class=\"elementor-element elementor-element-4a3b202 elementor-widget__width-initial elementor-widget elementor-widget-heading\" data-id=\"4a3b202\" data-element_type=\"widget\" data-widget_type=\"heading.default\">\n\t\t\t\t\t<h2 class=\"elementor-heading-title elementor-size-default\">D\u00e9roul\u00e9 Massage Intuitif<\/h2>\t\t\t\t<\/div>\n\t\t\t\t<div class=\"elementor-element elementor-element-7fe8fc5 elementor-widget elementor-widget-text-editor\" data-id=\"7fe8fc5\" data-element_type=\"widget\" data-widget_type=\"text-editor.default\">\n\t\t\t\t\t\t\t\t\t<p>Arriv\u00e9e 10 min avant \/ installation de la table (pr\u00e9voir un espace de 9-10m carr\u00e9 \u00e0 votre domicile, pour faciliter la circulation durant le soin).<\/p><p>Echange afin d\u2019identifier les zones de tensions et adapter les techniques selon les besoins.<\/p><p>Massage corps complet (tenue sous-v\u00eatements). Une serviette recouvre les parties non-mass\u00e9es, pr\u00e9servant l\u2019intimit\u00e9.<\/p><p>La s\u00e9ance d\u00e9bute par des manoeuvres d\u2019\u00e9veil musculaire. Application d\u2019huile v\u00e9g\u00e9tale id\u00e9ale pour votre confort.<\/p><p>Le massage se poursuit et s\u2019ach\u00e8ve par des gestes enveloppants qui favorisent une relaxation profonde.<\/p>\t\t\t\t\t\t\t\t<\/div>\n\t\t\t\t\t<\/div>\n\t\t\t\t<\/div>\n\t\t<div class=\"elementor-element elementor-element-33ccd96 e-flex e-con-boxed e-con e-parent\" data-id=\"33ccd96\" data-element_type=\"container\">\n\t\t\t\t\t<div class=\"e-con-inner\">\n\t\t\t\t<div class=\"elementor-element elementor-element-66f3460 elementor-widget__width-initial elementor-widget elementor-widget-heading\" data-id=\"66f3460\" data-element_type=\"widget\" data-widget_type=\"heading.default\">\n\t\t\t\t\t<h2 class=\"elementor-heading-title elementor-size-default\">D\u00e9roul\u00e9 Massage R\u00e9flexologie Plantaire Tha\u00ef<\/h2>\t\t\t\t<\/div>\n\t\t\t\t<div class=\"elementor-element elementor-element-9dac775 elementor-widget elementor-widget-text-editor\" data-id=\"9dac775\" data-element_type=\"widget\" data-widget_type=\"text-editor.default\">\n\t\t\t\t\t\t\t\t\t<p>S\u00e9ance d\u00e9bute par un \u00e9change sur votre \u00e9tat de bien \u00eatre.<\/p><p>Sur table ou fauteuil avec repose pieds.<\/p><p>Mouvements enveloppants au niveau des mollets et des pieds (application d\u2019une huile v\u00e9g\u00e9tale).<\/p><p>Pressions sp\u00e9cifiques adapt\u00e9es sur les zones r\u00e9flexes au niveau des pieds.<\/p>\t\t\t\t\t\t\t\t<\/div>\n\t\t\t\t\t<\/div>\n\t\t\t\t<\/div>\n\t\t<div class=\"elementor-element elementor-element-4266f48 e-flex e-con-boxed e-con e-parent\" data-id=\"4266f48\" data-element_type=\"container\">\n\t\t\t\t\t<div class=\"e-con-inner\">\n\t\t\t\t<div class=\"elementor-element elementor-element-e19e385 elementor-widget elementor-widget-image\" data-id=\"e19e385\" data-element_type=\"widget\" data-widget_type=\"image.default\">\n\t\t\t\t\t\t\t\t\t\t\t\t\t\t\t<img decoding=\"async\" width=\"1024\" height=\"356\" src=\"https:\/\/epionemassage.fr\/wp-content\/uploads\/2025\/07\/cabine-1-1024x356.png\" class=\"attachment-large size-large wp-image-19\" alt=\"\" srcset=\"https:\/\/epionemassage.fr\/wp-content\/uploads\/2025\/07\/cabine-1-1024x356.png 1024w, https:\/\/epionemassage.fr\/wp-content\/uploads\/2025\/07\/cabine-1-300x104.png 300w, https:\/\/epionemassage.fr\/wp-content\/uploads\/2025\/07\/cabine-1-768x267.png 768w, https:\/\/epionemassage.fr\/wp-content\/uploads\/2025\/07\/cabine-1.png 1512w\" sizes=\"(max-width: 1024px) 100vw, 1024px\" \/>\t\t\t\t\t\t\t\t\t\t\t\t\t\t\t<\/div>\n\t\t\t\t\t<\/div>\n\t\t\t\t<\/div>\n\t\t<div class=\"elementor-element elementor-element-5812afa e-flex e-con-boxed e-con e-parent\" data-id=\"5812afa\" data-element_type=\"container\" data-settings=\"{&quot;background_background&quot;:&quot;classic&quot;}\">\n\t\t\t\t\t<div class=\"e-con-inner\">\n\t\t<div class=\"elementor-element elementor-element-03fd214 e-con-full e-flex e-con e-child\" data-id=\"03fd214\" data-element_type=\"container\">\n\t\t\t\t<div class=\"elementor-element elementor-element-6dd6f78 elementor-widget elementor-widget-image\" data-id=\"6dd6f78\" data-element_type=\"widget\" data-widget_type=\"image.default\">\n\t\t\t\t\t\t\t\t\t\t\t\t\t\t\t<img decoding=\"async\" width=\"638\" height=\"851\" src=\"https:\/\/epionemassage.fr\/wp-content\/uploads\/2025\/07\/portraitMumu-1.png\" class=\"attachment-large size-large wp-image-20\" alt=\"\" srcset=\"https:\/\/epionemassage.fr\/wp-content\/uploads\/2025\/07\/portraitMumu-1.png 638w, https:\/\/epionemassage.fr\/wp-content\/uploads\/2025\/07\/portraitMumu-1-225x300.png 225w\" sizes=\"(max-width: 638px) 100vw, 638px\" \/>\t\t\t\t\t\t\t\t\t\t\t\t\t\t\t<\/div>\n\t\t\t\t<\/div>\n\t\t<div class=\"elementor-element elementor-element-d345e41 e-con-full e-flex e-con e-child\" data-id=\"d345e41\" data-element_type=\"container\">\n\t\t\t\t<div class=\"elementor-element elementor-element-05677be elementor-widget-divider--view-line elementor-widget elementor-widget-divider\" data-id=\"05677be\" data-element_type=\"widget\" data-widget_type=\"divider.default\">\n\t\t\t\t\t\t\t<div class=\"elementor-divider\">\n\t\t\t<span class=\"elementor-divider-separator\">\n\t\t\t\t\t\t<\/span>\n\t\t<\/div>\n\t\t\t\t\t\t<\/div>\n\t\t\t\t<div class=\"elementor-element elementor-element-2899304 elementor-widget elementor-widget-heading\" data-id=\"2899304\" data-element_type=\"widget\" data-widget_type=\"heading.default\">\n\t\t\t\t\t<h2 class=\"elementor-heading-title elementor-size-default\">Qui suis-je ?<\/h2>\t\t\t\t<\/div>\n\t\t\t\t<div class=\"elementor-element elementor-element-01f2d17 elementor-widget elementor-widget-text-editor\" data-id=\"01f2d17\" data-element_type=\"widget\" data-widget_type=\"text-editor.default\">\n\t\t\t\t\t\t\t\t\t<p>Je m\u2019appelle Muriel, sp\u00e9cialis\u00e9e dans les maux de l\u2019esprit (licence en psychologie, art th\u00e9rapie dans le milieu associatif), c\u2019est naturellement que je me suis form\u00e9e au massage bien-\u00eatre afin de cr\u00e9er le lien entre le coeur (\u00e9coute et identification des \u00e9motions), le corps (adaptation de techniques de massage) et l\u2019esprit (symbiose pour atteindre le l\u00e2cher-prise).<\/p>\t\t\t\t\t\t\t\t<\/div>\n\t\t\t\t<\/div>\n\t\t\t\t\t<\/div>\n\t\t\t\t<\/div>\n\t\t<div class=\"elementor-element elementor-element-a76d4a2 e-flex e-con-boxed e-con e-parent\" data-id=\"a76d4a2\" data-element_type=\"container\">\n\t\t\t\t\t<div class=\"e-con-inner\">\n\t\t\t\t<div class=\"elementor-element elementor-element-b43cd05 elementor-widget elementor-widget-heading\" data-id=\"b43cd05\" data-element_type=\"widget\" id=\"contact\" data-widget_type=\"heading.default\">\n\t\t\t\t\t<h2 class=\"elementor-heading-title elementor-size-default\">Contactez moi !<\/h2>\t\t\t\t<\/div>\n\t\t\t\t\t<\/div>\n\t\t\t\t<\/div>\n\t\t<div class=\"elementor-element elementor-element-e9afd5c e-flex e-con-boxed e-con e-parent\" data-id=\"e9afd5c\" data-element_type=\"container\">\n\t\t\t\t\t<div class=\"e-con-inner\">\n\t\t\t\t<div class=\"elementor-element elementor-element-b01e52a elementor-widget elementor-widget-heading\" data-id=\"b01e52a\" data-element_type=\"widget\" data-widget_type=\"heading.default\">\n\t\t\t\t\t<h3 class=\"elementor-heading-title elementor-size-default\">muriel.regnault.epione@gmail.com<\/h3>\t\t\t\t<\/div>\n\t\t\t\t\t<\/div>\n\t\t\t\t<\/div>\n\t\t<div class=\"elementor-element elementor-element-ab0007e e-flex e-con-boxed e-con e-parent\" data-id=\"ab0007e\" data-element_type=\"container\">\n\t\t\t\t\t<div class=\"e-con-inner\">\n\t\t\t\t<div class=\"elementor-element elementor-element-9501c2b elementor-widget elementor-widget-heading\" data-id=\"9501c2b\" data-element_type=\"widget\" data-widget_type=\"heading.default\">\n\t\t\t\t\t<h3 class=\"elementor-heading-title elementor-size-default\">06.00.00.00.00<\/h3>\t\t\t\t<\/div>\n\t\t\t\t\t<\/div>\n\t\t\t\t<\/div>\n\t\t\t\t<\/div>\n\t\t","protected":false},"excerpt":{"rendered":"<p>Epione Offrez-vous un moment hors du temps, chez vous, o\u00f9 chaque geste vise \u00e0 rel\u00e2cher le corps, apaiser l\u2019esprit et accueillir vos \u00e9motions en toute bienveillance. R\u00e9server une s\u00e9ance Massage Intuitif Dur\u00e9e : 1h20 60\u20ac R\u00e9flexologieplantaire Thai Dur\u00e9e : 45min 30\u20ac Les Massages Qu\u2019est ce que le massage intuitif ?Le massage intuitif est une fusion [&hellip;]<\/p>\n","protected":false},"author":1,"featured_media":0,"parent":0,"menu_order":0,"comment_status":"closed","ping_status":"closed","template":"page-no-title","meta":{"footnotes":""},"class_list":["post-7","page","type-page","status-publish","hentry"],"_links":{"self":[{"href":"https:\/\/epionemassage.fr\/index.php?rest_route=\/wp\/v2\/pages\/7","targetHints":{"allow":["GET"]}}],"collection":[{"href":"https:\/\/epionemassage.fr\/index.php?rest_route=\/wp\/v2\/pages"}],"about":[{"href":"https:\/\/epionemassage.fr\/index.php?rest_route=\/wp\/v2\/types\/page"}],"author":[{"embeddable":true,"href":"https:\/\/epionemassage.fr\/index.php?rest_route=\/wp\/v2\/users\/1"}],"replies":[{"embeddable":true,"href":"https:\/\/epionemassage.fr\/index.php?rest_route=%2Fwp%2Fv2%2Fcomments&post=7"}],"version-history":[{"count":70,"href":"https:\/\/epionemassage.fr\/index.php?rest_route=\/wp\/v2\/pages\/7\/revisions"}],"predecessor-version":[{"id":149,"href":"https:\/\/epionemassage.fr\/index.php?rest_route=\/wp\/v2\/pages\/7\/revisions\/149"}],"wp:attachment":[{"href":"https:\/\/epionemassage.fr\/index.php?rest_route=%2Fwp%2Fv2%2Fmedia&parent=7"}],"curies":[{"name":"wp","href":"https:\/\/api.w.org\/{rel}","templated":true}]}}